{"id":903,"date":"2017-04-03T08:13:38","date_gmt":"2017-04-03T08:13:38","guid":{"rendered":"https:\/\/www.ecoledesurfdugolf.com\/?page_id=903\/"},"modified":"2024-01-02T13:32:27","modified_gmt":"2024-01-02T13:32:27","slug":"rechtliche-hinweise","status":"publish","type":"page","link":"https:\/\/www.ecoledesurfdugolf.com\/de\/rechtliche-hinweise\/","title":{"rendered":"Rechtliche Hinweise"},"content":{"rendered":"<div data-elementor-type=\"wp-page\" data-elementor-id=\"903\" class=\"elementor elementor-903\" data-elementor-post-type=\"page\">\n\t\t\t\t\t\t<section class=\"elementor-section elementor-top-section elementor-element elementor-element-2f0788f elementor-section-boxed elementor-section-height-default elementor-section-height-default\" data-id=\"2f0788f\" data-element_type=\"section\" data-e-type=\"section\" data-settings=\"{&quot;background_background&quot;:&quot;classic&quot;}\">\n\t\t\t\t\t\t<div class=\"elementor-container elementor-column-gap-default\">\n\t\t\t\t\t<div class=\"elementor-column elementor-col-100 elementor-top-column elementor-element elementor-element-ca2a099\" data-id=\"ca2a099\" data-element_type=\"column\" data-e-type=\"column\">\n\t\t\t<div class=\"elementor-widget-wrap elementor-element-populated\">\n\t\t\t\t\t\t<div class=\"elementor-element elementor-element-0b2233d elementor-widget elementor-widget-spacer\" data-id=\"0b2233d\" data-element_type=\"widget\" data-e-type=\"widget\" data-widget_type=\"spacer.default\">\n\t\t\t\t<div class=\"elementor-widget-container\">\n\t\t\t\t\t\t\t<div class=\"elementor-spacer\">\n\t\t\t<div class=\"elementor-spacer-inner\"><\/div>\n\t\t<\/div>\n\t\t\t\t\t\t<\/div>\n\t\t\t\t<\/div>\n\t\t\t\t\t<\/div>\n\t\t<\/div>\n\t\t\t\t\t<\/div>\n\t\t<\/section>\n\t\t\t\t<section class=\"elementor-section elementor-top-section elementor-element elementor-element-7b3f5405 elementor-section-content-middle elementor-section-boxed elementor-section-height-default elementor-section-height-default\" data-id=\"7b3f5405\" data-element_type=\"section\" data-e-type=\"section\">\n\t\t\t\t\t\t<div class=\"elementor-container elementor-column-gap-no\">\n\t\t\t\t\t<div class=\"elementor-column elementor-col-100 elementor-top-column elementor-element elementor-element-1669f32\" data-id=\"1669f32\" data-element_type=\"column\" data-e-type=\"column\">\n\t\t\t<div class=\"elementor-widget-wrap elementor-element-populated\">\n\t\t\t\t\t\t<div class=\"elementor-element elementor-element-27750843 elementor-widget elementor-widget-heading\" data-id=\"27750843\" data-element_type=\"widget\" data-e-type=\"widget\" data-widget_type=\"heading.default\">\n\t\t\t\t<div class=\"elementor-widget-container\">\n\t\t\t\t\t<h4 class=\"elementor-heading-title elementor-size-default\">RECHTLICHE HINWEISE<\/h4>\t\t\t\t<\/div>\n\t\t\t\t<\/div>\n\t\t\t\t<div class=\"elementor-element elementor-element-4513603d elementor-widget elementor-widget-text-editor\" data-id=\"4513603d\" data-element_type=\"widget\" data-e-type=\"widget\" data-widget_type=\"text-editor.default\">\n\t\t\t\t<div class=\"elementor-widget-container\">\n\t\t\t\t\t\t\t\t\t<h2>Allgemeine Nutzungsbedingungen<\/h2><p>Die vollst\u00e4ndige oder teilweise Vervielf\u00e4ltigung der Inhalte, Seiten, Bilder, Fotos, Videos, Audiodateien, Skripte und Symbole der Websites ecoledesurfdugolf.com und ecoledesurfdugolf.com ist ohne die ausdr\u00fcckliche vorherige Zustimmung des Website-Herausgebers verboten. Die Nichteinhaltung dieses Verbots stellt einen Versto\u00df dar, der zivil- und strafrechtlich verfolgt werden kann.<\/p><h2>Franz\u00f6sische Gesetzgebung<\/h2><p><strong>Standortleiter:<\/strong><\/p><p>Camille Reine<br \/>Golf Surf Schule<br \/>3 Place de la Pale<br \/>40660 Moliets-et-Ma\u00e2<br \/>Frankreich<\/p><p><strong>Editor<\/strong> :<\/p><p>Camille Reine<br \/>Golf Surf Schule<br \/>3 Place de la Pale<br \/>40660 Moliets-et-Ma\u00e2<br \/>Frankreich<\/p><p><strong>Website erstellt von:<\/strong><\/p><p>Im Stern<br \/>385 Av. vom 8. Mai 1945<br \/>40440 London<br \/>Tel. 06 74 18 40 98<br \/><a href=\"mailto:contact@enpoupe.com\">contact@enpoupe.com<\/a><\/p><p><strong>Website gehostet von:<\/strong><\/p><p>0VH<br \/>2 rue Kellermann<br \/>59100 Roubaix<br \/>Frankreich.<\/p>\t\t\t\t\t\t\t\t<\/div>\n\t\t\t\t<\/div>\n\t\t\t\t\t<\/div>\n\t\t<\/div>\n\t\t\t\t\t<\/div>\n\t\t<\/section>\n\t\t\t\t<\/div>","protected":false},"excerpt":{"rendered":"<p>mENTIONS L\u00e9gales Conditions g\u00e9n\u00e9rales d\u2019utilisation La reproduction, totale ou partielle, des contenus, pages, images, photos, vid\u00e9os, fichiers sons, scripts et ic\u00f4nes pr\u00e9sents sur le site ecoledesurfdugolf.com et ecoledesurfdugolf.com est interdite sans l\u2019accord express\u00e9ment et pr\u00e9alablement donn\u00e9 par l\u2019\u00e9diteur du site. Le non-respect de cette interdiction constitue une contrefa\u00e7on pouvant engager la responsabilit\u00e9 civile et p\u00e9nale [&hellip;]<\/p>\n","protected":false},"author":1,"featured_media":0,"parent":0,"menu_order":0,"comment_status":"closed","ping_status":"closed","template":"","meta":{"ocean_post_layout":"full-screen","ocean_both_sidebars_style":"","ocean_both_sidebars_content_width":0,"ocean_both_sidebars_sidebars_width":0,"ocean_sidebar":"0","ocean_second_sidebar":"0","ocean_disable_margins":"enable","ocean_add_body_class":"","ocean_shortcode_before_top_bar":"","ocean_shortcode_after_top_bar":"","ocean_shortcode_before_header":"","ocean_shortcode_after_header":"","ocean_has_shortcode":"","ocean_shortcode_after_title":"","ocean_shortcode_before_footer_widgets":"","ocean_shortcode_after_footer_widgets":"","ocean_shortcode_before_footer_bottom":"","ocean_shortcode_after_footer_bottom":"","ocean_display_top_bar":"off","ocean_display_header":"on","ocean_header_style":"","ocean_center_header_left_menu":"0","ocean_custom_header_template":"0","ocean_custom_logo":0,"ocean_custom_retina_logo":0,"ocean_custom_logo_max_width":0,"ocean_custom_logo_tablet_max_width":0,"ocean_custom_logo_mobile_max_width":0,"ocean_custom_logo_max_height":0,"ocean_custom_logo_tablet_max_height":0,"ocean_custom_logo_mobile_max_height":0,"ocean_header_custom_menu":"0","ocean_menu_typo_font_family":"Poppins","ocean_menu_typo_font_subset":"","ocean_menu_typo_font_size":0,"ocean_menu_typo_font_size_tablet":0,"ocean_menu_typo_font_size_mobile":0,"ocean_menu_typo_font_size_unit":"px","ocean_menu_typo_font_weight":"","ocean_menu_typo_font_weight_tablet":"","ocean_menu_typo_font_weight_mobile":"","ocean_menu_typo_transform":"","ocean_menu_typo_transform_tablet":"","ocean_menu_typo_transform_mobile":"","ocean_menu_typo_line_height":0,"ocean_menu_typo_line_height_tablet":0,"ocean_menu_typo_line_height_mobile":0,"ocean_menu_typo_line_height_unit":"","ocean_menu_typo_spacing":0,"ocean_menu_typo_spacing_tablet":0,"ocean_menu_typo_spacing_mobile":0,"ocean_menu_typo_spacing_unit":"","ocean_menu_link_color":"","ocean_menu_link_color_hover":"","ocean_menu_link_color_active":"","ocean_menu_link_background":"","ocean_menu_link_hover_background":"","ocean_menu_link_active_background":"","ocean_menu_social_links_bg":"","ocean_menu_social_hover_links_bg":"","ocean_menu_social_links_color":"","ocean_menu_social_hover_links_color":"","ocean_disable_title":"on","ocean_disable_heading":"default","ocean_post_title":"","ocean_post_subheading":"","ocean_post_title_style":"","ocean_post_title_background_color":"","ocean_post_title_background":0,"ocean_post_title_bg_image_position":"","ocean_post_title_bg_image_attachment":"","ocean_post_title_bg_image_repeat":"","ocean_post_title_bg_image_size":"","ocean_post_title_height":0,"ocean_post_title_bg_overlay":0.5,"ocean_post_title_bg_overlay_color":"","ocean_disable_breadcrumbs":"off","ocean_breadcrumbs_color":"","ocean_breadcrumbs_separator_color":"","ocean_breadcrumbs_links_color":"","ocean_breadcrumbs_links_hover_color":"","ocean_display_footer_widgets":"off","ocean_display_footer_bottom":"on","ocean_custom_footer_template":"0","footnotes":""},"class_list":["post-903","page","type-page","status-publish","hentry","entry"],"yoast_head":"<!-- This site is optimized with the Yoast SEO Premium plugin v27.3 (Yoast SEO v27.3) - https:\/\/yoast.com\/product\/yoast-seo-premium-wordpress\/ -->\n<title>\u00e9cole de surf de MolietsMentions l\u00e9gales - \u00c9cole de surf du Golf<\/title>\n<meta name=\"description\" content=\"L\u2019\u00c9cole de Surf du Golf est l&#039;unique \u00e9cole de surfsitu\u00e9e \u00e0 la plage verte des ch\u00eanes-li\u00e8ges \u00e0 Moliets et Ma\u00e2.D\u00e9couvrez le plaisir du surf \u00e0 l\u2019\u00e9cole de surf du golf, la seule \u00e9cole de surf nich\u00e9e sur la plage des ch\u00eanes li\u00e8ges \u00e0 Moliets.Notre \u00e9quipe vous attend d\u2019avril \u00e0 novembre dans une atmosph\u00e8re chaleureuse et conviviale.Faites le choix de la personnalisation dans votre apprentissage en rejoignant nos moniteurs exp\u00e9riment\u00e9s, ils ajusteront leurs conseils techniques pour vous faire progresser \u00e0 votre rythme.\" \/>\n<meta name=\"robots\" content=\"index, follow, max-snippet:-1, max-image-preview:large, max-video-preview:-1\" \/>\n<link rel=\"canonical\" href=\"https:\/\/www.ecoledesurfdugolf.com\/de\/rechtliche-hinweise\/\" \/>\n<meta property=\"og:locale\" content=\"de_DE\" \/>\n<meta property=\"og:type\" content=\"article\" \/>\n<meta property=\"og:title\" content=\"\u00e9cole de surf du golf \u00e0 Moliets Mentions l\u00e9gales\" \/>\n<meta property=\"og:description\" content=\"\u00e9cole de surf du golf \u00e0 Moliets\" \/>\n<meta property=\"og:url\" content=\"https:\/\/www.ecoledesurfdugolf.com\/de\/rechtliche-hinweise\/\" \/>\n<meta property=\"og:site_name\" content=\"\u00c9cole de surf du Golf\" \/>\n<meta property=\"article:publisher\" content=\"https:\/\/facebook.com\/ecoledesurfdugolf\" \/>\n<meta property=\"article:modified_time\" content=\"2024-01-02T13:32:27+00:00\" \/>\n<meta property=\"og:image\" content=\"https:\/\/www.ecoledesurfdugolf.com\/content\/uploads\/perfectionnement.jpg\" \/>\n\t<meta property=\"og:image:width\" content=\"1000\" \/>\n\t<meta property=\"og:image:height\" content=\"621\" \/>\n\t<meta property=\"og:image:type\" content=\"image\/jpeg\" \/>\n<meta name=\"twitter:card\" content=\"summary_large_image\" \/>\n<meta name=\"twitter:label1\" content=\"Gesch\u00e4tzte Lesezeit\" \/>\n\t<meta name=\"twitter:data1\" content=\"1\u00a0Minute\" \/>\n<script type=\"application\/ld+json\" class=\"yoast-schema-graph\">{\"@context\":\"https:\\\/\\\/schema.org\",\"@graph\":[{\"@type\":[\"Article\",\"SocialMediaPosting\"],\"@id\":\"https:\\\/\\\/www.ecoledesurfdugolf.com\\\/mentions-legales\\\/#article\",\"isPartOf\":{\"@id\":\"https:\\\/\\\/www.ecoledesurfdugolf.com\\\/mentions-legales\\\/\"},\"author\":{\"name\":\"Ec0l3duG0lf\",\"@id\":\"https:\\\/\\\/www.ecoledesurfdugolf.com\\\/#\\\/schema\\\/person\\\/f7c6bb018a7b7f42651f2b7700473f06\"},\"headline\":\"Mentions l\u00e9gales\",\"datePublished\":\"2017-04-03T08:13:38+00:00\",\"dateModified\":\"2024-01-02T13:32:27+00:00\",\"mainEntityOfPage\":{\"@id\":\"https:\\\/\\\/www.ecoledesurfdugolf.com\\\/mentions-legales\\\/\"},\"wordCount\":129,\"publisher\":{\"@id\":\"https:\\\/\\\/www.ecoledesurfdugolf.com\\\/#organization\"},\"inLanguage\":\"de\"},{\"@type\":\"WebPage\",\"@id\":\"https:\\\/\\\/www.ecoledesurfdugolf.com\\\/mentions-legales\\\/\",\"url\":\"https:\\\/\\\/www.ecoledesurfdugolf.com\\\/mentions-legales\\\/\",\"name\":\"\u00e9cole de surf de MolietsMentions l\u00e9gales - \u00c9cole de surf du Golf\",\"isPartOf\":{\"@id\":\"https:\\\/\\\/www.ecoledesurfdugolf.com\\\/#website\"},\"datePublished\":\"2017-04-03T08:13:38+00:00\",\"dateModified\":\"2024-01-02T13:32:27+00:00\",\"description\":\"L\u2019\u00c9cole de Surf du Golf est l'unique \u00e9cole de surfsitu\u00e9e \u00e0 la plage verte des ch\u00eanes-li\u00e8ges \u00e0 Moliets et Ma\u00e2.D\u00e9couvrez le plaisir du surf \u00e0 l\u2019\u00e9cole de surf du golf, la seule \u00e9cole de surf nich\u00e9e sur la plage des ch\u00eanes li\u00e8ges \u00e0 Moliets.Notre \u00e9quipe vous attend d\u2019avril \u00e0 novembre dans une atmosph\u00e8re chaleureuse et conviviale.Faites le choix de la personnalisation dans votre apprentissage en rejoignant nos moniteurs exp\u00e9riment\u00e9s, ils ajusteront leurs conseils techniques pour vous faire progresser \u00e0 votre rythme.\",\"breadcrumb\":{\"@id\":\"https:\\\/\\\/www.ecoledesurfdugolf.com\\\/mentions-legales\\\/#breadcrumb\"},\"inLanguage\":\"de\",\"potentialAction\":[{\"@type\":\"ReadAction\",\"target\":[\"https:\\\/\\\/www.ecoledesurfdugolf.com\\\/mentions-legales\\\/\"]}]},{\"@type\":\"BreadcrumbList\",\"@id\":\"https:\\\/\\\/www.ecoledesurfdugolf.com\\\/mentions-legales\\\/#breadcrumb\",\"itemListElement\":[{\"@type\":\"ListItem\",\"position\":1,\"name\":\"Accueil\",\"item\":\"https:\\\/\\\/www.ecoledesurfdugolf.com\\\/\"},{\"@type\":\"ListItem\",\"position\":2,\"name\":\"Mentions l\u00e9gales\"}]},{\"@type\":\"WebSite\",\"@id\":\"https:\\\/\\\/www.ecoledesurfdugolf.com\\\/#website\",\"url\":\"https:\\\/\\\/www.ecoledesurfdugolf.com\\\/\",\"name\":\"\u00c9cole de surf du Golf\",\"description\":\"L&#039;\u00e9cole de surf de Moliets-et-Ma\u00e2\",\"publisher\":{\"@id\":\"https:\\\/\\\/www.ecoledesurfdugolf.com\\\/#organization\"},\"potentialAction\":[{\"@type\":\"SearchAction\",\"target\":{\"@type\":\"EntryPoint\",\"urlTemplate\":\"https:\\\/\\\/www.ecoledesurfdugolf.com\\\/?s={search_term_string}\"},\"query-input\":{\"@type\":\"PropertyValueSpecification\",\"valueRequired\":true,\"valueName\":\"search_term_string\"}}],\"inLanguage\":\"de\"},{\"@type\":[\"Organization\",\"Place\"],\"@id\":\"https:\\\/\\\/www.ecoledesurfdugolf.com\\\/#organization\",\"name\":\"Ecole de surf du golf\",\"alternateName\":\"Moliets South Beach\",\"url\":\"https:\\\/\\\/www.ecoledesurfdugolf.com\\\/\",\"logo\":{\"@id\":\"https:\\\/\\\/www.ecoledesurfdugolf.com\\\/mentions-legales\\\/#local-main-organization-logo\"},\"image\":{\"@id\":\"https:\\\/\\\/www.ecoledesurfdugolf.com\\\/mentions-legales\\\/#local-main-organization-logo\"},\"sameAs\":[\"https:\\\/\\\/facebook.com\\\/ecoledesurfdugolf\",\"https:\\\/\\\/instagram.com\\\/ecoledesurfgolf\",\"https:\\\/\\\/share.google\\\/rUQ5pFZGXw07loAyc\"],\"description\":\"L\u2019\u00c9cole de Surf du Golf est une \u00e9cole de surf familiale et conviviale install\u00e9e sur la plage pr\u00e9serv\u00e9e des Ch\u00eanes-Li\u00e8ges \u00e0 Moliets-et-Maa (Landes). Depuis 2015, nous proposons des cours de surf, stages et locations de mat\u00e9riel pour d\u00e9butants et confirm\u00e9s, dans une ambiance chaleureuse et respectueuse de l\u2019oc\u00e9an.\",\"legalName\":\"Reine Camille\",\"foundingDate\":\"2015-06-01\",\"numberOfEmployees\":{\"@type\":\"QuantitativeValue\",\"minValue\":\"1\",\"maxValue\":\"10\"},\"telephone\":[],\"openingHoursSpecification\":[{\"@type\":\"OpeningHoursSpecification\",\"dayOfWeek\":[\"Monday\",\"Tuesday\",\"Wednesday\",\"Thursday\",\"Friday\",\"Saturday\",\"Sunday\"],\"opens\":\"09:00\",\"closes\":\"17:00\"}]},{\"@type\":\"Person\",\"@id\":\"https:\\\/\\\/www.ecoledesurfdugolf.com\\\/#\\\/schema\\\/person\\\/f7c6bb018a7b7f42651f2b7700473f06\",\"name\":\"Ec0l3duG0lf\",\"image\":{\"@type\":\"ImageObject\",\"inLanguage\":\"de\",\"@id\":\"https:\\\/\\\/secure.gravatar.com\\\/avatar\\\/00243d0e292bf25c1a56206852fb872547e89f7b28e8db07bacc2d417dda934b?s=96&d=mm&r=g\",\"url\":\"https:\\\/\\\/secure.gravatar.com\\\/avatar\\\/00243d0e292bf25c1a56206852fb872547e89f7b28e8db07bacc2d417dda934b?s=96&d=mm&r=g\",\"contentUrl\":\"https:\\\/\\\/secure.gravatar.com\\\/avatar\\\/00243d0e292bf25c1a56206852fb872547e89f7b28e8db07bacc2d417dda934b?s=96&d=mm&r=g\",\"caption\":\"Ec0l3duG0lf\"},\"url\":\"https:\\\/\\\/www.ecoledesurfdugolf.com\\\/de\\\/author\\\/ec0l3dug0lf\\\/\"},{\"@type\":\"ImageObject\",\"inLanguage\":\"de\",\"@id\":\"https:\\\/\\\/www.ecoledesurfdugolf.com\\\/mentions-legales\\\/#local-main-organization-logo\",\"url\":\"https:\\\/\\\/www.ecoledesurfdugolf.com\\\/content\\\/uploads\\\/cropped-cropped-cropped-2_MSB3_blanc_color1_vide.png\",\"contentUrl\":\"https:\\\/\\\/www.ecoledesurfdugolf.com\\\/content\\\/uploads\\\/cropped-cropped-cropped-2_MSB3_blanc_color1_vide.png\",\"width\":3610,\"height\":3610,\"caption\":\"Ecole de surf du golf\"}]}<\/script>\n<!-- \/ Yoast SEO Premium plugin. -->","yoast_head_json":{"title":"\u00e9cole de surf de MolietsMentions l\u00e9gales - \u00c9cole de surf du Golf","description":"L\u2019\u00c9cole de Surf du Golf est l'unique \u00e9cole de surfsitu\u00e9e \u00e0 la plage verte des ch\u00eanes-li\u00e8ges \u00e0 Moliets et Ma\u00e2.D\u00e9couvrez le plaisir du surf \u00e0 l\u2019\u00e9cole de surf du golf, la seule \u00e9cole de surf nich\u00e9e sur la plage des ch\u00eanes li\u00e8ges \u00e0 Moliets.Notre \u00e9quipe vous attend d\u2019avril \u00e0 novembre dans une atmosph\u00e8re chaleureuse et conviviale.Faites le choix de la personnalisation dans votre apprentissage en rejoignant nos moniteurs exp\u00e9riment\u00e9s, ils ajusteront leurs conseils techniques pour vous faire progresser \u00e0 votre rythme.","robots":{"index":"index","follow":"follow","max-snippet":"max-snippet:-1","max-image-preview":"max-image-preview:large","max-video-preview":"max-video-preview:-1"},"canonical":"https:\/\/www.ecoledesurfdugolf.com\/de\/rechtliche-hinweise\/","og_locale":"de_DE","og_type":"article","og_title":"\u00e9cole de surf du golf \u00e0 Moliets Mentions l\u00e9gales","og_description":"\u00e9cole de surf du golf \u00e0 Moliets","og_url":"https:\/\/www.ecoledesurfdugolf.com\/de\/rechtliche-hinweise\/","og_site_name":"\u00c9cole de surf du Golf","article_publisher":"https:\/\/facebook.com\/ecoledesurfdugolf","article_modified_time":"2024-01-02T13:32:27+00:00","og_image":[{"width":1000,"height":621,"url":"https:\/\/www.ecoledesurfdugolf.com\/content\/uploads\/perfectionnement.jpg","type":"image\/jpeg"}],"twitter_card":"summary_large_image","twitter_misc":{"Gesch\u00e4tzte Lesezeit":"1\u00a0Minute"},"schema":{"@context":"https:\/\/schema.org","@graph":[{"@type":["Article","SocialMediaPosting"],"@id":"https:\/\/www.ecoledesurfdugolf.com\/mentions-legales\/#article","isPartOf":{"@id":"https:\/\/www.ecoledesurfdugolf.com\/mentions-legales\/"},"author":{"name":"Ec0l3duG0lf","@id":"https:\/\/www.ecoledesurfdugolf.com\/#\/schema\/person\/f7c6bb018a7b7f42651f2b7700473f06"},"headline":"Mentions l\u00e9gales","datePublished":"2017-04-03T08:13:38+00:00","dateModified":"2024-01-02T13:32:27+00:00","mainEntityOfPage":{"@id":"https:\/\/www.ecoledesurfdugolf.com\/mentions-legales\/"},"wordCount":129,"publisher":{"@id":"https:\/\/www.ecoledesurfdugolf.com\/#organization"},"inLanguage":"de"},{"@type":"WebPage","@id":"https:\/\/www.ecoledesurfdugolf.com\/mentions-legales\/","url":"https:\/\/www.ecoledesurfdugolf.com\/mentions-legales\/","name":"\u00e9cole de surf de MolietsMentions l\u00e9gales - \u00c9cole de surf du Golf","isPartOf":{"@id":"https:\/\/www.ecoledesurfdugolf.com\/#website"},"datePublished":"2017-04-03T08:13:38+00:00","dateModified":"2024-01-02T13:32:27+00:00","description":"L\u2019\u00c9cole de Surf du Golf est l'unique \u00e9cole de surfsitu\u00e9e \u00e0 la plage verte des ch\u00eanes-li\u00e8ges \u00e0 Moliets et Ma\u00e2.D\u00e9couvrez le plaisir du surf \u00e0 l\u2019\u00e9cole de surf du golf, la seule \u00e9cole de surf nich\u00e9e sur la plage des ch\u00eanes li\u00e8ges \u00e0 Moliets.Notre \u00e9quipe vous attend d\u2019avril \u00e0 novembre dans une atmosph\u00e8re chaleureuse et conviviale.Faites le choix de la personnalisation dans votre apprentissage en rejoignant nos moniteurs exp\u00e9riment\u00e9s, ils ajusteront leurs conseils techniques pour vous faire progresser \u00e0 votre rythme.","breadcrumb":{"@id":"https:\/\/www.ecoledesurfdugolf.com\/mentions-legales\/#breadcrumb"},"inLanguage":"de","potentialAction":[{"@type":"ReadAction","target":["https:\/\/www.ecoledesurfdugolf.com\/mentions-legales\/"]}]},{"@type":"BreadcrumbList","@id":"https:\/\/www.ecoledesurfdugolf.com\/mentions-legales\/#breadcrumb","itemListElement":[{"@type":"ListItem","position":1,"name":"Accueil","item":"https:\/\/www.ecoledesurfdugolf.com\/"},{"@type":"ListItem","position":2,"name":"Mentions l\u00e9gales"}]},{"@type":"WebSite","@id":"https:\/\/www.ecoledesurfdugolf.com\/#website","url":"https:\/\/www.ecoledesurfdugolf.com\/","name":"Golf Surf Schule","description":"Die Surfschule Moliets-et-Ma\u00e2","publisher":{"@id":"https:\/\/www.ecoledesurfdugolf.com\/#organization"},"potentialAction":[{"@type":"SearchAction","target":{"@type":"EntryPoint","urlTemplate":"https:\/\/www.ecoledesurfdugolf.com\/?s={search_term_string}"},"query-input":{"@type":"PropertyValueSpecification","valueRequired":true,"valueName":"search_term_string"}}],"inLanguage":"de"},{"@type":["Organization","Place"],"@id":"https:\/\/www.ecoledesurfdugolf.com\/#organization","name":"Ecole de surf du golf","alternateName":"Moliets South Beach","url":"https:\/\/www.ecoledesurfdugolf.com\/","logo":{"@id":"https:\/\/www.ecoledesurfdugolf.com\/mentions-legales\/#local-main-organization-logo"},"image":{"@id":"https:\/\/www.ecoledesurfdugolf.com\/mentions-legales\/#local-main-organization-logo"},"sameAs":["https:\/\/facebook.com\/ecoledesurfdugolf","https:\/\/instagram.com\/ecoledesurfgolf","https:\/\/share.google\/rUQ5pFZGXw07loAyc"],"description":"L\u2019\u00c9cole de Surf du Golf est une \u00e9cole de surf familiale et conviviale install\u00e9e sur la plage pr\u00e9serv\u00e9e des Ch\u00eanes-Li\u00e8ges \u00e0 Moliets-et-Maa (Landes). Depuis 2015, nous proposons des cours de surf, stages et locations de mat\u00e9riel pour d\u00e9butants et confirm\u00e9s, dans une ambiance chaleureuse et respectueuse de l\u2019oc\u00e9an.","legalName":"Reine Camille","foundingDate":"2015-06-01","numberOfEmployees":{"@type":"QuantitativeValue","minValue":"1","maxValue":"10"},"telephone":[],"openingHoursSpecification":[{"@type":"OpeningHoursSpecification","dayOfWeek":["Monday","Tuesday","Wednesday","Thursday","Friday","Saturday","Sunday"],"opens":"09:00","closes":"17:00"}]},{"@type":"Person","@id":"https:\/\/www.ecoledesurfdugolf.com\/#\/schema\/person\/f7c6bb018a7b7f42651f2b7700473f06","name":"Ec0l3duG0lf","image":{"@type":"ImageObject","inLanguage":"de","@id":"https:\/\/secure.gravatar.com\/avatar\/00243d0e292bf25c1a56206852fb872547e89f7b28e8db07bacc2d417dda934b?s=96&d=mm&r=g","url":"https:\/\/secure.gravatar.com\/avatar\/00243d0e292bf25c1a56206852fb872547e89f7b28e8db07bacc2d417dda934b?s=96&d=mm&r=g","contentUrl":"https:\/\/secure.gravatar.com\/avatar\/00243d0e292bf25c1a56206852fb872547e89f7b28e8db07bacc2d417dda934b?s=96&d=mm&r=g","caption":"Ec0l3duG0lf"},"url":"https:\/\/www.ecoledesurfdugolf.com\/de\/author\/ec0l3dug0lf\/"},{"@type":"ImageObject","inLanguage":"de","@id":"https:\/\/www.ecoledesurfdugolf.com\/mentions-legales\/#local-main-organization-logo","url":"https:\/\/www.ecoledesurfdugolf.com\/content\/uploads\/cropped-cropped-cropped-2_MSB3_blanc_color1_vide.png","contentUrl":"https:\/\/www.ecoledesurfdugolf.com\/content\/uploads\/cropped-cropped-cropped-2_MSB3_blanc_color1_vide.png","width":3610,"height":3610,"caption":"Ecole de surf du golf"}]}},"_links":{"self":[{"href":"https:\/\/www.ecoledesurfdugolf.com\/de\/wp-json\/wp\/v2\/pages\/903","targetHints":{"allow":["GET"]}}],"collection":[{"href":"https:\/\/www.ecoledesurfdugolf.com\/de\/wp-json\/wp\/v2\/pages"}],"about":[{"href":"https:\/\/www.ecoledesurfdugolf.com\/de\/wp-json\/wp\/v2\/types\/page"}],"author":[{"embeddable":true,"href":"https:\/\/www.ecoledesurfdugolf.com\/de\/wp-json\/wp\/v2\/users\/1"}],"replies":[{"embeddable":true,"href":"https:\/\/www.ecoledesurfdugolf.com\/de\/wp-json\/wp\/v2\/comments?post=903"}],"version-history":[{"count":44,"href":"https:\/\/www.ecoledesurfdugolf.com\/de\/wp-json\/wp\/v2\/pages\/903\/revisions"}],"predecessor-version":[{"id":3044,"href":"https:\/\/www.ecoledesurfdugolf.com\/de\/wp-json\/wp\/v2\/pages\/903\/revisions\/3044"}],"wp:attachment":[{"href":"https:\/\/www.ecoledesurfdugolf.com\/de\/wp-json\/wp\/v2\/media?parent=903"}],"curies":[{"name":"wp","href":"https:\/\/api.w.org\/{rel}","templated":true}]}}